{"id":67,"date":"2024-08-01T23:17:38","date_gmt":"2024-08-01T23:17:38","guid":{"rendered":"https:\/\/web9.albarkat.site\/?page_id=67"},"modified":"2025-10-25T18:41:12","modified_gmt":"2025-10-25T18:41:12","slug":"kontakt","status":"publish","type":"page","link":"https:\/\/www.r-bss.de\/en\/kontakt\/","title":{"rendered":"Contact"},"content":{"rendered":"<div data-elementor-type=\"wp-page\" data-elementor-id=\"67\" class=\"elementor elementor-67\" data-elementor-post-type=\"page\">\n\t\t\t\t\t\t<section class=\"elementor-section elementor-top-section elementor-element elementor-element-75d0f27c elementor-section-height-min-height elementor-section-items-stretch elementor-section-content-middle elementor-section-boxed elementor-section-height-default\" data-id=\"75d0f27c\" data-element_type=\"section\" data-settings=\"{&quot;background_background&quot;:&quot;classic&quot;}\">\n\t\t\t\t\t\t\t<div class=\"elementor-background-overlay\"><\/div>\n\t\t\t\t\t\t\t<div class=\"elementor-container elementor-column-gap-default\">\n\t\t\t\t\t<div class=\"elementor-column elementor-col-100 elementor-top-column elementor-element elementor-element-11d7e21b\" data-id=\"11d7e21b\" data-element_type=\"column\">\n\t\t\t<div class=\"elementor-widget-wrap\">\n\t\t\t\t\t\t\t<\/div>\n\t\t<\/div>\n\t\t\t\t\t<\/div>\n\t\t<\/section>\n\t\t\t\t<section class=\"elementor-section elementor-top-section elementor-element elementor-element-398fda47 elementor-section-boxed elementor-section-height-default elementor-section-height-default\" data-id=\"398fda47\" data-element_type=\"section\">\n\t\t\t\t\t\t\t<div class=\"elementor-background-overlay\"><\/div>\n\t\t\t\t\t\t\t<div class=\"elementor-container elementor-column-gap-default\">\n\t\t\t\t\t<div class=\"elementor-column elementor-col-33 elementor-top-column elementor-element elementor-element-2becac32\" data-id=\"2becac32\" data-element_type=\"column\">\n\t\t\t<div class=\"elementor-widget-wrap elementor-element-populated\">\n\t\t\t\t\t\t<div class=\"elementor-element elementor-element-717e092f elementor-widget elementor-widget-heading\" data-id=\"717e092f\" data-element_type=\"widget\" data-widget_type=\"heading.default\">\n\t\t\t\t<div class=\"elementor-widget-container\">\n\t\t\t<h1 class=\"elementor-heading-title elementor-size-default\">Contact<\/h1>\t\t<\/div>\n\t\t\t\t<\/div>\n\t\t\t\t<div class=\"elementor-element elementor-element-ab03e7d elementor-position-left elementor-view-default elementor-mobile-position-top elementor-vertical-align-top elementor-widget elementor-widget-icon-box\" data-id=\"ab03e7d\" data-element_type=\"widget\" data-widget_type=\"icon-box.default\">\n\t\t\t\t<div class=\"elementor-widget-container\">\n\t\t\t\t\t<div class=\"elementor-icon-box-wrapper\">\n\n\t\t\t\t\t\t<div class=\"elementor-icon-box-icon\">\n\t\t\t\t<span  class=\"elementor-icon elementor-animation-\">\n\t\t\t\t<i aria-hidden=\"true\" class=\"icon icon-map-marker1\"><\/i>\t\t\t\t<\/span>\n\t\t\t<\/div>\n\t\t\t\n\t\t\t\t\t\t<div class=\"elementor-icon-box-content\">\n\n\t\t\t\t\t\t\t\t\t<h4 class=\"elementor-icon-box-title\">\n\t\t\t\t\t\t<span  >\n\t\t\t\t\t\t\tCompany address\t\t\t\t\t\t<\/span>\n\t\t\t\t\t<\/h4>\n\t\t\t\t\n\t\t\t\t\t\t\t\t\t<p class=\"elementor-icon-box-description\">\n\t\t\t\t\t\tRommel GmbH,\nTu\u00dfmannstra\u00dfe 27, <br>\n40477 D\u00fcsseldorf\n\t\t\t\t\t<\/p>\n\t\t\t\t\n\t\t\t<\/div>\n\t\t\t\n\t\t<\/div>\n\t\t\t\t<\/div>\n\t\t\t\t<\/div>\n\t\t\t\t<div class=\"elementor-element elementor-element-e164f98 elementor-position-left elementor-view-default elementor-mobile-position-top elementor-vertical-align-top elementor-widget elementor-widget-icon-box\" data-id=\"e164f98\" data-element_type=\"widget\" data-widget_type=\"icon-box.default\">\n\t\t\t\t<div class=\"elementor-widget-container\">\n\t\t\t\t\t<div class=\"elementor-icon-box-wrapper\">\n\n\t\t\t\t\t\t<div class=\"elementor-icon-box-icon\">\n\t\t\t\t<span  class=\"elementor-icon elementor-animation-\">\n\t\t\t\t<svg xmlns=\"http:\/\/www.w3.org\/2000\/svg\" xmlns:xlink=\"http:\/\/www.w3.org\/1999\/xlink\" width=\"128\" height=\"128\" viewbox=\"0 0 128 128\" fill=\"none\"><rect width=\"128\" height=\"128\" fill=\"url(#pattern0_996_6)\"><\/rect><defs><pattern id=\"pattern0_996_6\" patterncontentunits=\"objectBoundingBox\" width=\"1\" height=\"1\"><use xlink:href=\"#image0_996_6\" transform=\"scale(0.0078125)\"><\/use><\/pattern><image id=\"image0_996_6\" width=\"128\" height=\"128\" xlink:href=\"data:image\/png;base64,iVBORw0KGgoAAAANSUhEUgAAAIAAAACACAYAAADDPmHLAAAACXBIWXMAAA7DAAAOwwHHb6hkAAAAGXRFWHRTb2Z0d2FyZQB3d3cuaW5rc2NhcGUub3Jnm+48GgAAEORJREFUeJztnXmQI+V5xp\/3k0Yzaqk1s6x3Z0czCws2DilYO8bmciB2EV+AIRc4PggUBpMClwMLmGtZwAFsILBLYmwnMcTYCw5HKmUqJk4KjBOHMkctjjnWHGuyZmek2Ys9dLRmZ6TvyR+ao3WMRmqpW9pR\/6qmarr7635fqR+9X\/f7XYCPj4+PT5ci7XagFknTfBe0fJLgCMmQEvXbQh7PrjyQ+k27fVssdKQAdvT1H5FX+i4AfwRAVZbgk6TcNJJLP+u1b4uNjhNAwjDPAvAIgL4FiuYBXjZsZb69FeiLRCID+7PZvUcCBzxwc9HQUQIYN2KnEXycQE\/ZIQ3AAhCtctoOAIMAIMAUgRcBPmhZmft8MSxMlfDaHnZiWVSD\/2i\/+QR+AuLkuJXuiVvpmFI8BsADxUOzDNrK9wA4EZB7I4a5edyIHefZBzhIaVsEIKC290VP0SJnQLAMwFEATrSVuDduZf5KSm82AGAsHFsjwvV1mMmK5unxiczPW+b4IqMtAkhGYp8i+R0Aq6odF+CtISt9lAD5+a4xZkRvAOQCAV4C5WeisJea74PgPNiiAoBdQdGrB7PZHa39FIsDzwUwZphfF+C6WmUIrhuxMrc6uf52DEbyhvV9Af5sbq98e9hKfdnJ9RY7ngogGY5dRuE9ZQ5MEXgNRC8EIwB+pYNy1spUao9TO5uB0IARfRaQY6d3ZcQyB+NIWs34vxjxTADJ8JJDKfk3AfRO79IC+UaPEbpj2e7d6VbbGwtHzxaRx2a2qXjqSCbzs1bbOdgJemVIS\/56mbv5AHBx3ErdD5d+kyHFZ6Y4p2\/RcgQAXwBlePYaqICzZjeIp4et9P1u2kuHQjn7NkHPxH4w4YkAxsLhEQJDM9sieMRtm71TUx+0bxNq1G2bByOeCEAFg6UZPJFtrtvUcsWsOWBK94jfblAFTwSg8\/mMfZtk3E17ScO8nsAZsztEfnTY\/v173bR5sOKJAIZzuSSA7XN75HNu2doZiawgcIttV46K69yyd7DjiQAE0AQen9vDU7cODAy4YetAIDBZalseGE6n33DD1mLAw7cA2W3bzFv79rnyAlhMIPGlmW0KDnHDzmLBw9ZA\/p5t47Wjgcl5izbPrtn\/NN7lop2DHs8EQOADts3\/ddOWQN49Z5fjbto62PFEAOPR6DIAs0\/+QnmpRvGmSITNDxOYFYCCbHLL1mLAm9dA8v0l2wHtigDGTHMpAHuGMS9Uj89X3sezKkDZ639QKUcC2AyEEmHzbxKG+W9jEfP8rdP9BgkEk+Hon0oBmyA4ynbK94Ym9v3Wud+LH09aA8fC5kYRnFvc4rZhK3OYk+skDfMiAt+17cqj2CdwGYBQSWHijcnewImH79u3z5HTXYI3EUBgiwDyK6eXIfCXZbuCAIZRdvMJvBqgOs2\/+QvjugC2An0Ce1h2JoBkJPYFAB+qXYoWiNtDVt9JKyb2b3Vip9twvYm01+g\/mtCzdoRzD4Dbo9HleXK10oHVFB4DAJry3ZW51PMzZQgEEkb0IpJ\/O3sNYArApYAcSmApoHcK8WowF\/7P5diVAVrev2TR4vozQMIwLwRw35xFeRgayyBcDWD5PKf9QiAvU3Q\/KScIcIT9oEBuiVupG93zunvwQADRvwPkK626HokHh3Pp86U4WMSnSVx\/BrBn5RZgB2rf1CwEVw\/n0uf5N791uP4MQMF\/gTjdtisF4FUCrwj4itJ4NR9Sr6xMpfaM9sbeoxS\/JMDxFBxeLC5bIHwyCP19v29\/6\/EkDzDeF\/1IQaloQKvNfmLGx8fHx8fHx6f9NP0QuBXoC4VjfyJCs\/Gz1Ytxa\/+Lzfrg45ymBZCMxB4leY7D0zWJk\/25ftpH84kg8hPN2BeRTzXtg49jmhLAKBAm0N+cC+4OEvGpTVOZwGDfwKBGwb7ronyP+tcFz5vSTwA4CQBYbM\/3aRNNCSAvetAeQrTiW\/UMwUpEYqMgTwIAsXUW9fGepqoAJbTPxYNAsUFnQQRM2Db9CNBGmhKAlE7GBC2ys57zCCRtm0u3LjwppI9LNCUAjZIIkB9Op+sagSsQuwAk3Nc\/NG9hH1dpZQTYWW87vRS0vQpAQbT\/HNAmmhOAKJsAWHdbfZ7KHgFA0H8OaBNNCYAlVYDULYDAgWhJBFBQfgRoE81lAvVcp06p8w0AAKbn65vts08\/GdQ2mhOA2CZqZv0CmMYWBfwqoF04FsDm4mic2Vk+2EAEmD5j9jlAIH4EaBOOBdAfDi+HrTVRqfpyAHPIbASg8pNB7cKxAJSESpJAbOAhsFjelgyiXwW0C8cCKJQmgaCRb0gAYqsCADHeWrKkyVZFHyc0EQFKBRBq8BlAbFUAABhTU34UaAOOBVCWBdTLs9l3Gjm\/wJJ0MLTLk0f6VMexAMraAXbXWt2jOlMlEYBQfgRoAy2JAI0kgWYYyeW2A3O9SZTfL6AtOE8EabGt1tXYGwAACFAQYPbV0e35g32q41wAtiwgqB0N2mRJNlD8KqANNJMKnmsHaDgJNIstG1hfFbAV6Bs1YqeP9sbe49BmyxntjR05asRO31K6Ikrb2AL0jhux08Z6zfcuVNaRAAgEACy1bTuKAPZXwYU6hxKQZCT2+ZARfUOBT6gAXxmLRN5f6xy3GQ2Hh5OG+YAK8HUFPmFEYj9opz8EZCwc\/YxhmK9r8N8lgJeTRv8Ha53jqFPorkhkGTgnHqcC0NBJmcsmryAQEJR2MwaAsbB50rhgA8kTbNnnPoH6OADXZh2djyTiBo3UVYBcTSAye4A802tfZhgNx45PCtcL8Pu23b2A\/iSAeUdfORLAJDBoH1IUYOMPgQAgIgnbuqDBtw1jOSxrdm7fsXB4BAh+XQTnssooJqlcY9hVCEgiHD2bkr4TkFVVinjqD1CMQiLBGwW8CFUiOsGaPjkSgEJwkLbeX07eAoBi30DaFBBCTxzA+HYMRgpG7qsArwYQdnLtVjP9C9sgwIfb7QswHYUi6a9AYy0AB+Myizh8CCxNAxc46UgASnRZMkiPJAzzQm1YWwDehNKbr1FcOLqiinCT8b6BVYlI7BElfA4VN5\/bAD7ppT8E1FjEPJ9G+k0Qt0NKbj5JbEQDU\/E7fAgsEQBTudyueQvXYEqV9g0E+E0A99lXGAMAAZ4ncfKwlb4AVRaTdoPtGIwkjNjNWhVeA\/kZlFRBtEDc0WOFjxYRz9YiHA3HTkga5jNCPICyh2YBXkBxoO15aOBH4mxkkMag7evY63Txh5Wp1J6EYU5gdlyArCwtwW0UtS6eTW2stoq4GxBQiUjs3AKtOwCsKD8sIv8CHbwqntu7DUgj6Tz61k0iHF5JBG8T4bmoeBaSUQpucPodORKACJbPWiIc5QC2DgwMhA4UrkX1d+cMIHdPWunbDwcmnFzfCWPR6KlJre4WlqxuMsNzpKwZtlLPeeXPTiyLThkHrgJ4jVQOnskCcteklWrqO3IkgGIVMC1E1ZgACATHDfOLnCzcAqmYKZQkHuxR+qteTgk32hs7MhDEbdQ8p\/JHVIxCI9mUZ+\/4M1FoihN3omz0FYpzKjwUUvrq5dns9mrnN4LTwaG23sD1vwEkIpGPjVOtJ7C6yuGdVPzcSCbztEOfGubt\/v4lwUl9DYSXkxWRKAPI3ZaV\/saRwAGvfBqLRP4wSbVeyPdVHCSeptJXjFjZluU+nFUBkBUzvxNSL6jChGn+Dgq4C8SnKyopwZvUvGEkl3ms2rluMBuFpvStECwrO6xJPOR1FBrrNd+rgnJr1dlWBFuoudaN76hhARCQccytxFUrCzgaix2iCvomFHBpFVt7ILhzXza9weUVxEpIRCIfS1BtEOCYyqPylJbClSut7Mte+TMXhbCGZKjs8F4I7rCy6XvcikINC2DcNJeyMJfxUlWqgE1ATzwcu5R53gxIyQKRAkxp4HsBxRuGMhlHr49OSJrmUSjgLhJnVKQUiTcIrhvJpT2LQpuAnrhhXjBPFMoT+CcvvqOGBSDkIG1vIuURIGGYZwJYT7BKa508JUpfPpLJbG7cVWeMmeZS0byRtaKQ5X0UAtU9BI6uPCpPBZResyKTedULXxoWQKGsHUCz2BScMIwPCAPrCXy0ymmvKciVQ1bqJw79bJiZKIQCv0ZISY\/jmSikAlgbT6d3z3eNVpOMRn9Xa7kbxGkVB4nXKXLViJV6wit\/ACcRoKAGISWPchwzzH8AcCEFgbLiu4Vy61AudW+1Vj63SBjmmQJsIFhlqnp5SpS+bCST+bVX\/sxGIS1fFlR8R+8I5ZahXOpbjferbJ7GBQAMsmSbT0llY8QkhH\/f1xtat3TPnlRzLtZP0ug\/lqI3gPiDKimxX4vIlfFs6j+88mczEFoSjl0yXxSi8DsToZ4b3713736vfCrHwWtgaUOQSMXN\/3FQq8sGJ\/b\/H7JNeNYA2wwjrhC4idAXgp0ThQjcQ\/CIKod\/nC+oyw89sP8tr76j+WhIAONG7DgNXjDP4U2icUV8Iv0\/LfCrPijhRMS8BhprUSnEdkWhD1H0ehCnVE7Dyl8qjSuGJjL\/7ZU\/C1GXAJLhJYdSTd2uyc+iSmOECK4byqZ+6FWDzQwE14JQZR4RwodF91wbt\/Zu8\/gXFiT0C2BF55UEBWuHs5mNnbbcTU0BEJCEEb2ByF8HSnnHDIpgI7LRS6YnfGgH5c3Zz5GyZsRKe9ZgU4XSZmOouwJW+M4V2NHmYF+dmgJIhKPnCOSvy3ZrATaS+XVxKzfaGWv0cRuoro3nUg97HYXmgSQeEhSuH85lRovLJHUmNQUgpQsxA4KfC9UV7ZziXYC3bcvDZwjeTiuzfiWQa5NHb5dp7heasmZlLvVCe\/xpjIWeAex12cRwNv0RN52pB038hRKs1cIteeo7V9k6kbaDoWzq0WTYXA3BMSAfjOcyj3ZIFKqLRt4COuJDTa8t8Ol2+zGDAHnk0te12w+neLN6uE\/H4gugy\/EF0OX4AuhyfAF0Ob4AuhxfAF2OL4AuxxdAl9PUqmGtZjQcHg6g52wqOltDiNhlWemH6ulCnYj0fxzQxzqyA2hqPFPPiqfvHHJILDcx+QURiTmyRGbyPYEf1rMamxM6RgAEAkkJPkNwVTNJZ8MwT4KV\/lKtMgnDPAvUjzu3AohAJ43+4+LW\/l\/WKjcxMfmYQD7h\/DMJglP6swBOcXqFWnRMFTAWDq8AsKoFl1p4AgcWF61sEkUUTlzYlrTClmuTUnSMAFSrfGFd12l60eyiLbWwLWnJ53LtPnVMFVAB5fPDudQ\/11M0YZj3A\/iiQ0u7h610+cicqhQnh0o30bNHvjZspW6up2QiYl4N4g7ntuqjYyKAT3vwBdDl+ALocnwBdDm+ALqczn0LEN6WMMwr6yx9WBOWBhKGuamegkRKNfMGKeDFCcOsrz8jK2Yoc4XOFQBw+PSf2wQB1JxQeY7yQVG6ofze9PyHHbVSesdUAftyuR2wLSfrGMHrC5ZReKNpOwAoXNgW2Apbr7XgGlXpmAhwNDA5RjlNhBeLSNTJNTR0IgQumDyJZ9M\/SITNJaLkeHHwIyB0HpSfjmSzP13Qp4L680AAV0LmptdvBE3uVYr3ODm3HjpGAAAwkks9B8D1cX0CFJBLr3fbDgCsPJD6DYBLvLDlhI6pAnzagy+ALscXQJfjC6DL8QXQ5fgC6HJ8AXQ5vgC6nEYSQX0Jw9zjmic+raTubvULCaB0UlBgiSN3fNpJzQarmlUAodo2GZRPa9BQNZu6F2zcThrmH5M4oZ6yPh0FRfB83Er\/qN2O+Pj4+Ph0JP8Pg1IAe7XD+JIAAAAASUVORK5CYII=\"><\/image><\/defs><\/svg>\t\t\t\t<\/span>\n\t\t\t<\/div>\n\t\t\t\n\t\t\t\t\t\t<div class=\"elementor-icon-box-content\">\n\n\t\t\t\t\t\t\t\t\t<h4 class=\"elementor-icon-box-title\">\n\t\t\t\t\t\t<span  >\n\t\t\t\t\t\t\tProduction site\t\t\t\t\t\t<\/span>\n\t\t\t\t\t<\/h4>\n\t\t\t\t\n\t\t\t\t\t\t\t\t\t<p class=\"elementor-icon-box-description\">\n\t\t\t\t\t\tRommel GmbH, Kronprinzstra\u00dfe 47-49, <br>40764 Langenfeld\t\t\t\t\t<\/p>\n\t\t\t\t\n\t\t\t<\/div>\n\t\t\t\n\t\t<\/div>\n\t\t\t\t<\/div>\n\t\t\t\t<\/div>\n\t\t\t\t<div class=\"elementor-element elementor-element-59a8948 elementor-position-left elementor-view-default elementor-mobile-position-top elementor-vertical-align-top elementor-widget elementor-widget-icon-box\" data-id=\"59a8948\" data-element_type=\"widget\" data-widget_type=\"icon-box.default\">\n\t\t\t\t<div class=\"elementor-widget-container\">\n\t\t\t\t\t<div class=\"elementor-icon-box-wrapper\">\n\n\t\t\t\t\t\t<div class=\"elementor-icon-box-icon\">\n\t\t\t\t<span  class=\"elementor-icon elementor-animation-\">\n\t\t\t\t<i aria-hidden=\"true\" class=\"icon icon-phone-call2\"><\/i>\t\t\t\t<\/span>\n\t\t\t<\/div>\n\t\t\t\n\t\t\t\t\t\t<div class=\"elementor-icon-box-content\">\n\n\t\t\t\t\t\t\t\t\t<h4 class=\"elementor-icon-box-title\">\n\t\t\t\t\t\t<span  >\n\t\t\t\t\t\t\tPhone\t\t\t\t\t\t<\/span>\n\t\t\t\t\t<\/h4>\n\t\t\t\t\n\t\t\t\t\t\t\t\t\t<p class=\"elementor-icon-box-description\">\n\t\t\t\t\t\t+49 (0) 2173 40926-00\t\t\t\t\t<\/p>\n\t\t\t\t\n\t\t\t<\/div>\n\t\t\t\n\t\t<\/div>\n\t\t\t\t<\/div>\n\t\t\t\t<\/div>\n\t\t\t\t<div class=\"elementor-element elementor-element-d63d971 elementor-position-left elementor-view-default elementor-mobile-position-top elementor-vertical-align-top elementor-widget elementor-widget-icon-box\" data-id=\"d63d971\" data-element_type=\"widget\" data-widget_type=\"icon-box.default\">\n\t\t\t\t<div class=\"elementor-widget-container\">\n\t\t\t\t\t<div class=\"elementor-icon-box-wrapper\">\n\n\t\t\t\t\t\t<div class=\"elementor-icon-box-icon\">\n\t\t\t\t<span  class=\"elementor-icon elementor-animation-\">\n\t\t\t\t<i aria-hidden=\"true\" class=\"icon icon-email\"><\/i>\t\t\t\t<\/span>\n\t\t\t<\/div>\n\t\t\t\n\t\t\t\t\t\t<div class=\"elementor-icon-box-content\">\n\n\t\t\t\t\t\t\t\t\t<h4 class=\"elementor-icon-box-title\">\n\t\t\t\t\t\t<span  >\n\t\t\t\t\t\t\tE-Mail:\t\t\t\t\t\t<\/span>\n\t\t\t\t\t<\/h4>\n\t\t\t\t\n\t\t\t\t\t\t\t\t\t<p class=\"elementor-icon-box-description\">\n\t\t\t\t\t\tinfo@r-bss.de\t\t\t\t\t<\/p>\n\t\t\t\t\n\t\t\t<\/div>\n\t\t\t\n\t\t<\/div>\n\t\t\t\t<\/div>\n\t\t\t\t<\/div>\n\t\t\t\t\t<\/div>\n\t\t<\/div>\n\t\t\t\t<div class=\"elementor-column elementor-col-33 elementor-top-column elementor-element elementor-element-459a7aa5\" data-id=\"459a7aa5\" data-element_type=\"column\" data-settings=\"{&quot;background_background&quot;:&quot;classic&quot;}\">\n\t\t\t<div class=\"elementor-widget-wrap elementor-element-populated\">\n\t\t\t\t\t\t<div class=\"elementor-element elementor-element-630f66e0 elementor-widget elementor-widget-heading\" data-id=\"630f66e0\" data-element_type=\"widget\" data-widget_type=\"heading.default\">\n\t\t\t\t<div class=\"elementor-widget-container\">\n\t\t\t<h3 class=\"elementor-heading-title elementor-size-default\">Contact form:<\/h3>\t\t<\/div>\n\t\t\t\t<\/div>\n\t\t\t\t<div class=\"elementor-element elementor-element-08c1ada elementor-button-align-stretch elementor-widget elementor-widget-form\" data-id=\"08c1ada\" data-element_type=\"widget\" data-settings=\"{&quot;step_next_label&quot;:&quot;Next&quot;,&quot;step_previous_label&quot;:&quot;Previous&quot;,&quot;button_width&quot;:&quot;100&quot;,&quot;step_type&quot;:&quot;number_text&quot;,&quot;step_icon_shape&quot;:&quot;circle&quot;}\" data-widget_type=\"form.default\">\n\t\t\t\t<div class=\"elementor-widget-container\">\n\t\t\t\t\t<form class=\"elementor-form\" method=\"post\" name=\"Contact Form\" action=\"\">\n\t\t\t<input type=\"hidden\" name=\"post_id\" value=\"67\"\/>\n\t\t\t<input type=\"hidden\" name=\"form_id\" value=\"08c1ada\"\/>\n\t\t\t<input type=\"hidden\" name=\"referer_title\" value=\"Kontakt\" \/>\n\n\t\t\t\t\t\t\t<input type=\"hidden\" name=\"queried_id\" value=\"67\"\/>\n\t\t\t\n\t\t\t<div class=\"elementor-form-fields-wrapper elementor-labels-\">\n\t\t\t\t\t\t\t\t<div class=\"elementor-field-type-text elementor-field-group elementor-column elementor-field-group-name elementor-col-100\">\n\t\t\t\t\t\t\t\t\t\t\t\t<label for=\"form-field-name\" class=\"elementor-field-label elementor-screen-only\">\n\t\t\t\t\t\t\t\tName\t\t\t\t\t\t\t<\/label>\n\t\t\t\t\t\t\t\t\t\t\t\t\t\t<input size=\"1\" type=\"text\" name=\"form_fields[name]\" id=\"form-field-name\" class=\"elementor-field elementor-size-sm  elementor-field-textual\" placeholder=\"Name\">\n\t\t\t\t\t\t\t\t\t\t\t<\/div>\n\t\t\t\t\t\t\t\t<div class=\"elementor-field-type-email elementor-field-group elementor-column elementor-field-group-email elementor-col-100 elementor-field-required\">\n\t\t\t\t\t\t\t\t\t\t\t\t<label for=\"form-field-email\" class=\"elementor-field-label elementor-screen-only\">\n\t\t\t\t\t\t\t\tEmail\t\t\t\t\t\t\t<\/label>\n\t\t\t\t\t\t\t\t\t\t\t\t\t\t<input size=\"1\" type=\"email\" name=\"form_fields[email]\" id=\"form-field-email\" class=\"elementor-field elementor-size-sm  elementor-field-textual\" placeholder=\"Email\" required=\"required\" aria-required=\"true\">\n\t\t\t\t\t\t\t\t\t\t\t<\/div>\n\t\t\t\t\t\t\t\t<div class=\"elementor-field-type-tel elementor-field-group elementor-column elementor-field-group-field_88d00b9 elementor-col-100 elementor-field-required\">\n\t\t\t\t\t\t\t\t\t\t\t\t<label for=\"form-field-field_88d00b9\" class=\"elementor-field-label elementor-screen-only\">\n\t\t\t\t\t\t\t\tTelefon\t\t\t\t\t\t\t<\/label>\n\t\t\t\t\t\t\t\t<input size=\"1\" type=\"tel\" name=\"form_fields[field_88d00b9]\" id=\"form-field-field_88d00b9\" class=\"elementor-field elementor-size-sm  elementor-field-textual\" placeholder=\"Telefon\" required=\"required\" aria-required=\"true\" pattern=\"[0-9()#&amp;+*-=.]+\" title=\"Only numbers and phone characters (#, -, *, etc) are accepted.\">\n\n\t\t\t\t\t\t<\/div>\n\t\t\t\t\t\t\t\t<div class=\"elementor-field-type-text elementor-field-group elementor-column elementor-field-group-field_68594ed elementor-col-100\">\n\t\t\t\t\t\t\t\t\t\t\t\t<label for=\"form-field-field_68594ed\" class=\"elementor-field-label elementor-screen-only\">\n\t\t\t\t\t\t\t\tTheme\t\t\t\t\t\t\t<\/label>\n\t\t\t\t\t\t\t\t\t\t\t\t\t\t<input size=\"1\" type=\"text\" name=\"form_fields[field_68594ed]\" id=\"form-field-field_68594ed\" class=\"elementor-field elementor-size-sm  elementor-field-textual\" placeholder=\"Theme\">\n\t\t\t\t\t\t\t\t\t\t\t<\/div>\n\t\t\t\t\t\t\t\t<div class=\"elementor-field-type-textarea elementor-field-group elementor-column elementor-field-group-message elementor-col-100\">\n\t\t\t\t\t\t\t\t\t\t\t\t<label for=\"form-field-message\" class=\"elementor-field-label elementor-screen-only\">\n\t\t\t\t\t\t\t\tMessage\t\t\t\t\t\t\t<\/label>\n\t\t\t\t\t\t<textarea class=\"elementor-field-textual elementor-field  elementor-size-sm\" name=\"form_fields[message]\" id=\"form-field-message\" rows=\"4\" placeholder=\"Message\"><\/textarea>\t\t\t\t<\/div>\n\t\t\t\t\t\t\t\t<div class=\"elementor-field-group elementor-column elementor-field-type-submit elementor-col-100 e-form__buttons\">\n\t\t\t\t\t<button class=\"elementor-button elementor-size-sm\" type=\"submit\">\n\t\t\t\t\t\t<span class=\"elementor-button-content-wrapper\">\n\t\t\t\t\t\t\t\t\t\t\t\t\t\t\t\t\t\t\t\t\t\t<span class=\"elementor-button-text\">Send Message<\/span>\n\t\t\t\t\t\t\t\t\t\t\t\t\t<\/span>\n\t\t\t\t\t<\/button>\n\t\t\t\t<\/div>\n\t\t\t<\/div>\n\t\t<input type=\"hidden\" name=\"trp-form-language\" value=\"en\"\/><\/form>\n\t\t\t\t<\/div>\n\t\t\t\t<\/div>\n\t\t\t\t\t<\/div>\n\t\t<\/div>\n\t\t\t\t<div class=\"elementor-column elementor-col-33 elementor-top-column elementor-element elementor-element-38561cd8\" data-id=\"38561cd8\" data-element_type=\"column\">\n\t\t\t<div class=\"elementor-widget-wrap elementor-element-populated\">\n\t\t\t\t\t\t<div class=\"elementor-element elementor-element-26b0b650 elementor-widget elementor-widget-google_maps\" data-id=\"26b0b650\" data-element_type=\"widget\" data-widget_type=\"google_maps.default\">\n\t\t\t\t<div class=\"elementor-widget-container\">\n\t\t\t\t\t<div class=\"elementor-custom-embed\">\n\t\t\t<iframe loading=\"lazy\"\n\t\t\t\t\tsrc=\"https:\/\/maps.google.com\/maps?q=Rommel%20GmbH%20Tu%C3%9Fmannstra%C3%9Fe%2027%2040477%20D%C3%BCsseldorf&#038;t=m&#038;z=10&#038;output=embed&#038;iwloc=near\"\n\t\t\t\t\ttitle=\"Rommel GmbH Tu\u00dfmannstra\u00dfe 27 40477 D\u00fcsseldorf\"\n\t\t\t\t\taria-label=\"Rommel GmbH Tu\u00dfmannstra\u00dfe 27 40477 D\u00fcsseldorf\"\n\t\t\t><\/iframe>\n\t\t<\/div>\n\t\t\t\t<\/div>\n\t\t\t\t<\/div>\n\t\t\t\t\t<\/div>\n\t\t<\/div>\n\t\t\t\t\t<\/div>\n\t\t<\/section>\n\t\t\t\t<\/div>","protected":false},"excerpt":{"rendered":"<p>Kontakt Sitz der Gesellschaft: Rommel GmbH, Tu\u00dfmannstra\u00dfe 27, 40477 D\u00fcsseldorf Betriebsst\u00e4tte: Rommel GmbH, Kronprinzstra\u00dfe 47-49, 40764 Langenfeld Telefon: +49 (0) 2173 40926-00 E-Mail: info@r-bss.de Kontaktformular<\/p>","protected":false},"author":2,"featured_media":0,"parent":0,"menu_order":0,"comment_status":"closed","ping_status":"closed","template":"elementor_header_footer","meta":{"footnotes":""},"class_list":["post-67","page","type-page","status-publish","hentry"],"_links":{"self":[{"href":"https:\/\/www.r-bss.de\/en\/wp-json\/wp\/v2\/pages\/67","targetHints":{"allow":["GET"]}}],"collection":[{"href":"https:\/\/www.r-bss.de\/en\/wp-json\/wp\/v2\/pages"}],"about":[{"href":"https:\/\/www.r-bss.de\/en\/wp-json\/wp\/v2\/types\/page"}],"author":[{"embeddable":true,"href":"https:\/\/www.r-bss.de\/en\/wp-json\/wp\/v2\/users\/2"}],"replies":[{"embeddable":true,"href":"https:\/\/www.r-bss.de\/en\/wp-json\/wp\/v2\/comments?post=67"}],"version-history":[{"count":18,"href":"https:\/\/www.r-bss.de\/en\/wp-json\/wp\/v2\/pages\/67\/revisions"}],"predecessor-version":[{"id":1173,"href":"https:\/\/www.r-bss.de\/en\/wp-json\/wp\/v2\/pages\/67\/revisions\/1173"}],"wp:attachment":[{"href":"https:\/\/www.r-bss.de\/en\/wp-json\/wp\/v2\/media?parent=67"}],"curies":[{"name":"wp","href":"https:\/\/api.w.org\/{rel}","templated":true}]}}