{"id":57,"date":"2024-08-01T23:15:50","date_gmt":"2024-08-01T23:15:50","guid":{"rendered":"https:\/\/web9.albarkat.site\/?page_id=57"},"modified":"2024-08-10T23:34:07","modified_gmt":"2024-08-10T23:34:07","slug":"branche","status":"publish","type":"page","link":"https:\/\/www.r-bss.de\/en\/branche\/","title":{"rendered":"Business Units"},"content":{"rendered":"<div data-elementor-type=\"wp-page\" data-elementor-id=\"57\" class=\"elementor elementor-57\" data-elementor-post-type=\"page\">\n\t\t\t\t\t\t<section class=\"elementor-section elementor-top-section elementor-element elementor-element-6bb51039 elementor-section-height-min-height elementor-section-items-stretch elementor-section-content-middle elementor-section-boxed elementor-section-height-default\" data-id=\"6bb51039\" data-element_type=\"section\" data-settings=\"{&quot;background_background&quot;:&quot;classic&quot;}\">\n\t\t\t\t\t\t\t<div class=\"elementor-background-overlay\"><\/div>\n\t\t\t\t\t\t\t<div class=\"elementor-container elementor-column-gap-default\">\n\t\t\t\t\t<div class=\"elementor-column elementor-col-100 elementor-top-column elementor-element elementor-element-1fdb839a\" data-id=\"1fdb839a\" data-element_type=\"column\">\n\t\t\t<div class=\"elementor-widget-wrap\">\n\t\t\t\t\t\t\t<\/div>\n\t\t<\/div>\n\t\t\t\t\t<\/div>\n\t\t<\/section>\n\t\t\t\t<section class=\"elementor-section elementor-top-section elementor-element elementor-element-64c840b3 elementor-section-boxed elementor-section-height-default elementor-section-height-default\" data-id=\"64c840b3\" data-element_type=\"section\">\n\t\t\t\t\t\t<div class=\"elementor-container elementor-column-gap-default\">\n\t\t\t\t\t<div class=\"elementor-column elementor-col-100 elementor-top-column elementor-element elementor-element-10a50d94\" data-id=\"10a50d94\" data-element_type=\"column\">\n\t\t\t<div class=\"elementor-widget-wrap elementor-element-populated\">\n\t\t\t\t\t\t<div class=\"elementor-element elementor-element-16dad8e8 elementor-widget elementor-widget-heading\" data-id=\"16dad8e8\" data-element_type=\"widget\" data-widget_type=\"heading.default\">\n\t\t\t\t<div class=\"elementor-widget-container\">\n\t\t\t<h3 class=\"elementor-heading-title elementor-size-default\">Our business units<\/h3>\t\t<\/div>\n\t\t\t\t<\/div>\n\t\t\t\t<div class=\"elementor-element elementor-element-6054e8fb elementor-widget elementor-widget-text-editor\" data-id=\"6054e8fb\" data-element_type=\"widget\" data-widget_type=\"text-editor.default\">\n\t\t\t\t<div class=\"elementor-widget-container\">\n\t\t\t\t\t\t\tCustomized solutions for your needs\t\t\t\t\t\t<\/div>\n\t\t\t\t<\/div>\n\t\t\t\t<section class=\"elementor-section elementor-inner-section elementor-element elementor-element-40b936d elementor-section-boxed elementor-section-height-default elementor-section-height-default\" data-id=\"40b936d\" data-element_type=\"section\">\n\t\t\t\t\t\t<div class=\"elementor-container elementor-column-gap-default\">\n\t\t\t\t\t<div class=\"elementor-column elementor-col-33 elementor-inner-column elementor-element elementor-element-c23a0c4\" data-id=\"c23a0c4\" data-element_type=\"column\">\n\t\t\t<div class=\"elementor-widget-wrap elementor-element-populated\">\n\t\t\t\t\t\t<div class=\"elementor-element elementor-element-8769d40 ekit-equal-height-disable elementor-widget elementor-widget-elementskit-image-box\" data-id=\"8769d40\" data-element_type=\"widget\" data-widget_type=\"elementskit-image-box.default\">\n\t\t\t\t<div class=\"elementor-widget-container\">\n\t\t\t<div class=\"ekit-wid-con\" >\n            <div class=\"elementskit-info-image-box ekit-image-box text-center simple-card\" >\n\n                \n                <div class=\"elementskit-box-header image-box-img-center\">\n\n                    <img fetchpriority=\"high\" decoding=\"async\" width=\"448\" height=\"319\" src=\"https:\/\/www.r-bss.de\/wp-content\/uploads\/2024\/08\/Miltry.jpg\" class=\"attachment-full size-full wp-image-154\" alt=\"\" srcset=\"https:\/\/www.r-bss.de\/wp-content\/uploads\/2024\/08\/Miltry.jpg 448w, https:\/\/www.r-bss.de\/wp-content\/uploads\/2024\/08\/Miltry-300x214.jpg 300w\" sizes=\"(max-width: 448px) 100vw, 448px\" \/>\n                <\/div>\n                \n                <div class=\"elementskit-box-body ekit-image-box-body\">\n                    <div class=\"elementskit-box-content ekit-image-box-body-inner\">\n                                                <h3 class=\"elementskit-info-box-title\">\n\n                        Military\n                        \n                    <\/h3>\n                                                            <div class=\"elementskit-box-style-content\">\n                        Optimum fire protection is particularly important for military vehicles...                    <\/div>\n                                    <\/div>\n\n                                <div class=\"elementskit-box-footer\">\n                    <div class=\"box-footer\">\n                        <div class=\"btn-wraper\">\n                                                            <a href=\"https:\/\/www.r-bss.de\/en\/militar\/\" class=\"elementskit-btn whitespace--normal\">\n                                    Learn more\n                                    <i aria-hidden=\"true\" class=\"icon icon-arrow-right-circle\"><\/i>\n                                <\/a>\n                                                        <\/div>\n                    <\/div>\n                <\/div>\n                            <\/div>\n            <\/div>\n    <\/div>\t\t<\/div>\n\t\t\t\t<\/div>\n\t\t\t\t\t<\/div>\n\t\t<\/div>\n\t\t\t\t<div class=\"elementor-column elementor-col-33 elementor-inner-column elementor-element elementor-element-8b06f79\" data-id=\"8b06f79\" data-element_type=\"column\">\n\t\t\t<div class=\"elementor-widget-wrap elementor-element-populated\">\n\t\t\t\t\t\t<div class=\"elementor-element elementor-element-adffb94 ekit-equal-height-disable elementor-widget elementor-widget-elementskit-image-box\" data-id=\"adffb94\" data-element_type=\"widget\" data-widget_type=\"elementskit-image-box.default\">\n\t\t\t\t<div class=\"elementor-widget-container\">\n\t\t\t<div class=\"ekit-wid-con\" >\n            <div class=\"elementskit-info-image-box ekit-image-box text-center simple-card\" >\n\n                \n                <div class=\"elementskit-box-header image-box-img-center\">\n\n                    <img decoding=\"async\" width=\"858\" height=\"572\" src=\"https:\/\/www.r-bss.de\/wp-content\/uploads\/2024\/08\/SUV-Steinbruch_bearbeitet.jpg\" class=\"attachment-full size-full wp-image-791\" alt=\"\" srcset=\"https:\/\/www.r-bss.de\/wp-content\/uploads\/2024\/08\/SUV-Steinbruch_bearbeitet.jpg 858w, https:\/\/www.r-bss.de\/wp-content\/uploads\/2024\/08\/SUV-Steinbruch_bearbeitet-300x200.jpg 300w, https:\/\/www.r-bss.de\/wp-content\/uploads\/2024\/08\/SUV-Steinbruch_bearbeitet-768x512.jpg 768w\" sizes=\"(max-width: 858px) 100vw, 858px\" \/>\n                <\/div>\n                \n                <div class=\"elementskit-box-body ekit-image-box-body\">\n                    <div class=\"elementskit-box-content ekit-image-box-body-inner\">\n                                                <h3 class=\"elementskit-info-box-title\">\n\n                        Civilian\n                        \n                    <\/h3>\n                                                            <div class=\"elementskit-box-style-content\">\n                        Civilian vehicles used to transport particularly vulnerable passengers or materials, such as...                    <\/div>\n                                    <\/div>\n\n                                <div class=\"elementskit-box-footer\">\n                    <div class=\"box-footer\">\n                        <div class=\"btn-wraper\">\n                                                            <a href=\"https:\/\/www.r-bss.de\/en\/zivil\/\" class=\"elementskit-btn whitespace--normal\">\n                                    Learn more\n                                    <i aria-hidden=\"true\" class=\"icon icon-arrow-right-circle\"><\/i>\n                                <\/a>\n                                                        <\/div>\n                    <\/div>\n                <\/div>\n                            <\/div>\n            <\/div>\n    <\/div>\t\t<\/div>\n\t\t\t\t<\/div>\n\t\t\t\t\t<\/div>\n\t\t<\/div>\n\t\t\t\t<div class=\"elementor-column elementor-col-33 elementor-inner-column elementor-element elementor-element-b030d92\" data-id=\"b030d92\" data-element_type=\"column\">\n\t\t\t<div class=\"elementor-widget-wrap elementor-element-populated\">\n\t\t\t\t\t\t<div class=\"elementor-element elementor-element-4eda44a ekit-equal-height-disable elementor-widget elementor-widget-elementskit-image-box\" data-id=\"4eda44a\" data-element_type=\"widget\" data-widget_type=\"elementskit-image-box.default\">\n\t\t\t\t<div class=\"elementor-widget-container\">\n\t\t\t<div class=\"ekit-wid-con\" >\n            <div class=\"elementskit-info-image-box ekit-image-box text-center simple-card\" >\n\n                \n                <div class=\"elementskit-box-header image-box-img-center\">\n\n                    <img decoding=\"async\" width=\"400\" height=\"267\" src=\"https:\/\/www.r-bss.de\/wp-content\/uploads\/2024\/08\/industry.jpg\" class=\"attachment-full size-full wp-image-153\" alt=\"\" srcset=\"https:\/\/www.r-bss.de\/wp-content\/uploads\/2024\/08\/industry.jpg 400w, https:\/\/www.r-bss.de\/wp-content\/uploads\/2024\/08\/industry-300x200.jpg 300w\" sizes=\"(max-width: 400px) 100vw, 400px\" \/>\n                <\/div>\n                \n                <div class=\"elementskit-box-body ekit-image-box-body\">\n                    <div class=\"elementskit-box-content ekit-image-box-body-inner\">\n                                                <h3 class=\"elementskit-info-box-title\">\n\n                        Industrial\n                        \n                    <\/h3>\n                                                            <div class=\"elementskit-box-style-content\">\n                        Optimal fire protection is essential for machines that are in operation for many hours in order to...                    <\/div>\n                                    <\/div>\n\n                                <div class=\"elementskit-box-footer\">\n                    <div class=\"box-footer\">\n                        <div class=\"btn-wraper\">\n                                                            <a href=\"https:\/\/www.r-bss.de\/en\/industrie\/\" class=\"elementskit-btn whitespace--normal\">\n                                    Learn more\n                                    <i aria-hidden=\"true\" class=\"icon icon-arrow-right-circle\"><\/i>\n                                <\/a>\n                                                        <\/div>\n                    <\/div>\n                <\/div>\n                            <\/div>\n            <\/div>\n    <\/div>\t\t<\/div>\n\t\t\t\t<\/div>\n\t\t\t\t\t<\/div>\n\t\t<\/div>\n\t\t\t\t\t<\/div>\n\t\t<\/section>\n\t\t\t\t\t<\/div>\n\t\t<\/div>\n\t\t\t\t\t<\/div>\n\t\t<\/section>\n\t\t\t\t<\/div>","protected":false},"excerpt":{"rendered":"<p>Unsere Gesch\u00e4ftsfelder Individuelle L\u00f6sungen f\u00fcr Ihre Bed\u00fcrfnisse Milit\u00e4r Insbesondere bei milit\u00e4rischen Fahrzeugen ist ein optimaler Brandschutz von entscheidender Bedeutung&#8230; Erfahre mehr Zivil Zivile Fahrzeuge, die f\u00fcr den Transport von besonders schutzbed\u00fcrftigen Insassen oder Materialien, wie bei&#8230; Erfahre mehr Industrie Ein optimaler Brandschutz ist f\u00fcr Maschinen, die \u00fcber viele Stunden in Betrieb sind, essenziell um die [&hellip;]<\/p>","protected":false},"author":2,"featured_media":0,"parent":0,"menu_order":0,"comment_status":"closed","ping_status":"closed","template":"elementor_header_footer","meta":{"footnotes":""},"class_list":["post-57","page","type-page","status-publish","hentry"],"_links":{"self":[{"href":"https:\/\/www.r-bss.de\/en\/wp-json\/wp\/v2\/pages\/57","targetHints":{"allow":["GET"]}}],"collection":[{"href":"https:\/\/www.r-bss.de\/en\/wp-json\/wp\/v2\/pages"}],"about":[{"href":"https:\/\/www.r-bss.de\/en\/wp-json\/wp\/v2\/types\/page"}],"author":[{"embeddable":true,"href":"https:\/\/www.r-bss.de\/en\/wp-json\/wp\/v2\/users\/2"}],"replies":[{"embeddable":true,"href":"https:\/\/www.r-bss.de\/en\/wp-json\/wp\/v2\/comments?post=57"}],"version-history":[{"count":0,"href":"https:\/\/www.r-bss.de\/en\/wp-json\/wp\/v2\/pages\/57\/revisions"}],"wp:attachment":[{"href":"https:\/\/www.r-bss.de\/en\/wp-json\/wp\/v2\/media?parent=57"}],"curies":[{"name":"wp","href":"https:\/\/api.w.org\/{rel}","templated":true}]}}